{"id":637,"date":"2019-09-03T11:27:23","date_gmt":"2019-09-03T11:27:23","guid":{"rendered":"http:\/\/synetikgroup.com\/home\/"},"modified":"2025-09-16T15:31:12","modified_gmt":"2025-09-16T15:31:12","slug":"home","status":"publish","type":"page","link":"https:\/\/synetikgroup.com\/fr\/","title":{"rendered":"Accueil"},"content":{"rendered":"<p>L\u2019ergonomie, ce n&rsquo;est pas seulement une question de confort. Il s\u2019agit d\u2019une capacit\u00e9 dont chaque \u00eatre humain devrait b\u00e9n\u00e9ficier. Que ce soit au bureau, \u00e0 l&rsquo;usine ou \u00e0 la maison, l\u2019environnement des gens devrait non seulement les accueillir, mais aussi les responsabiliser.<\/p>\n","protected":false},"excerpt":{"rendered":"<p>L\u2019ergonomie, ce n&rsquo;est pas seulement une question de confort. Il s\u2019agit d\u2019une capacit\u00e9 dont chaque \u00eatre humain devrait b\u00e9n\u00e9ficier. Que ce soit au bureau, \u00e0 l&rsquo;usine ou \u00e0 la maison, l\u2019environnement des gens devrait non seulement les accueillir, mais aussi les responsabiliser.<\/p>\n","protected":false},"author":4,"featured_media":0,"parent":0,"menu_order":0,"comment_status":"closed","ping_status":"closed","template":"pge-home.php","meta":{"_acf_changed":false,"footnotes":""},"class_list":["post-637","page","type-page","status-publish","hentry"],"acf":[],"_links":{"self":[{"href":"https:\/\/synetikgroup.com\/fr\/wp-json\/wp\/v2\/pages\/637","targetHints":{"allow":["GET"]}}],"collection":[{"href":"https:\/\/synetikgroup.com\/fr\/wp-json\/wp\/v2\/pages"}],"about":[{"href":"https:\/\/synetikgroup.com\/fr\/wp-json\/wp\/v2\/types\/page"}],"author":[{"embeddable":true,"href":"https:\/\/synetikgroup.com\/fr\/wp-json\/wp\/v2\/users\/4"}],"replies":[{"embeddable":true,"href":"https:\/\/synetikgroup.com\/fr\/wp-json\/wp\/v2\/comments?post=637"}],"version-history":[{"count":8,"href":"https:\/\/synetikgroup.com\/fr\/wp-json\/wp\/v2\/pages\/637\/revisions"}],"predecessor-version":[{"id":862,"href":"https:\/\/synetikgroup.com\/fr\/wp-json\/wp\/v2\/pages\/637\/revisions\/862"}],"wp:attachment":[{"href":"https:\/\/synetikgroup.com\/fr\/wp-json\/wp\/v2\/media?parent=637"}],"curies":[{"name":"wp","href":"https:\/\/api.w.org\/{rel}","templated":true}]}}